
{"id":125,"date":"2022-12-05T12:19:29","date_gmt":"2022-12-05T11:19:29","guid":{"rendered":"https:\/\/ch-securite-sociale-normandie.fr\/?page_id=125"},"modified":"2022-12-05T12:40:51","modified_gmt":"2022-12-05T11:40:51","slug":"liens-utiles","status":"publish","type":"page","link":"https:\/\/ch-securite-sociale-normandie.fr\/?page_id=125","title":{"rendered":"Liens utiles"},"content":{"rendered":"\n<ul class=\"wp-block-list\"><li><a href=\"https:\/\/www.securite-sociale.fr\/accueil\" data-type=\"URL\" data-id=\"https:\/\/www.securite-sociale.fr\/accueil\" target=\"_blank\" rel=\"noreferrer noopener\">Site de la S\u00e9curit\u00e9 sociale<\/a><\/li><\/ul>\n\n\n\n<ul class=\"wp-block-list\"><li><a href=\"https:\/\/www.securite-sociale.fr\/la-secu-cest-quoi\/histoire\/comite-dhistoire\" target=\"_blank\" rel=\"noreferrer noopener\">Qu&rsquo;est-ce que le Comit\u00e9 d&rsquo;Histoire de la S\u00e9curit\u00e9 sociale<\/a><\/li><\/ul>\n\n\n\n<h3 class=\"wp-block-heading\">Sites des Comit\u00e9s d&rsquo;Histoire r\u00e9gionaux<\/h3>\n\n\n\n<ul class=\"wp-block-list\"><li><a href=\"https:\/\/chsspaca.fr\/\" target=\"_blank\" rel=\"noreferrer noopener\">Site du Comit\u00e9 d&rsquo;Histoire de la r\u00e9gion PACA<\/a><\/li><\/ul>\n\n\n\n<ul class=\"wp-block-list\"><li><a href=\"http:\/\/www.chrss-alsacemoselle.fr\/\" target=\"_blank\" rel=\"noreferrer noopener\">Site du Comit\u00e9 d&rsquo;Histoire de l&rsquo;Alsace-Moselle<\/a><\/li><\/ul>\n\n\n\n<ul class=\"wp-block-list\"><li><a href=\"http:\/\/www.cahss.fr\/\" target=\"_blank\" rel=\"noreferrer noopener\">Site du Comit\u00e9 Aquitain d&rsquo;Histoire de la S\u00e9curit\u00e9 sociale<\/a><\/li><\/ul>\n\n\n\n<ul class=\"wp-block-list\"><li><a href=\"https:\/\/www.corah.org\/\" target=\"_blank\" rel=\"noreferrer noopener\">Site du Comit\u00e9 Rh\u00f4ne-Alpes d&rsquo;Histoire de la S\u00e9curit\u00e9 sociale<\/a><\/li><\/ul>\n\n\n\n<ul class=\"wp-block-list\"><li><a href=\"http:\/\/aphpo.fr\/Securite_sociale\/accueil.html\" target=\"_blank\" rel=\"noreferrer noopener\">Site du Comit\u00e9 d&rsquo;Histoire de la S\u00e9curit\u00e9 sociale Languedoc-Roussillon<\/a><\/li><\/ul>\n\n\n\n<ul class=\"wp-block-list\"><li><a href=\"https:\/\/www.histoiresecump.fr\/\" target=\"_blank\" rel=\"noreferrer noopener\">Site du Comit\u00e9 r\u00e9gional d&rsquo;Histoire de la S\u00e9curit\u00e9 sociale Midi-Pyr\u00e9n\u00e9es<\/a><\/li><\/ul>\n","protected":false},"excerpt":{"rendered":"<p>Site de la S\u00e9curit\u00e9 sociale Qu&rsquo;est-ce que le Comit\u00e9 d&rsquo;Histoire de la S\u00e9curit\u00e9 sociale Sites des Comit\u00e9s d&rsquo;Histoire r\u00e9gionaux Site du Comit\u00e9 d&rsquo;Histoire de la r\u00e9gion PACA Site du Comit\u00e9 d&rsquo;Histoire de l&rsquo;Alsace-Moselle Site du Comit\u00e9 Aquitain d&rsquo;Histoire de la S\u00e9curit\u00e9 sociale Site du Comit\u00e9 Rh\u00f4ne-Alpes d&rsquo;Histoire de la S\u00e9curit\u00e9 sociale Site du Comit\u00e9 d&rsquo;Histoire [&hellip;]<\/p>\n","protected":false},"author":4,"featured_media":0,"parent":0,"menu_order":0,"comment_status":"closed","ping_status":"closed","template":"","meta":{"footnotes":""},"class_list":["post-125","page","type-page","status-publish","hentry"],"_links":{"self":[{"href":"https:\/\/ch-securite-sociale-normandie.fr\/index.php?rest_route=\/wp\/v2\/pages\/125","targetHints":{"allow":["GET"]}}],"collection":[{"href":"https:\/\/ch-securite-sociale-normandie.fr\/index.php?rest_route=\/wp\/v2\/pages"}],"about":[{"href":"https:\/\/ch-securite-sociale-normandie.fr\/index.php?rest_route=\/wp\/v2\/types\/page"}],"author":[{"embeddable":true,"href":"https:\/\/ch-securite-sociale-normandie.fr\/index.php?rest_route=\/wp\/v2\/users\/4"}],"replies":[{"embeddable":true,"href":"https:\/\/ch-securite-sociale-normandie.fr\/index.php?rest_route=%2Fwp%2Fv2%2Fcomments&post=125"}],"version-history":[{"count":15,"href":"https:\/\/ch-securite-sociale-normandie.fr\/index.php?rest_route=\/wp\/v2\/pages\/125\/revisions"}],"predecessor-version":[{"id":143,"href":"https:\/\/ch-securite-sociale-normandie.fr\/index.php?rest_route=\/wp\/v2\/pages\/125\/revisions\/143"}],"wp:attachment":[{"href":"https:\/\/ch-securite-sociale-normandie.fr\/index.php?rest_route=%2Fwp%2Fv2%2Fmedia&parent=125"}],"curies":[{"name":"wp","href":"https:\/\/api.w.org\/{rel}","templated":true}]}}