
{"id":144,"date":"2022-12-05T12:42:12","date_gmt":"2022-12-05T11:42:12","guid":{"rendered":"https:\/\/ch-securite-sociale-normandie.fr\/?page_id=144"},"modified":"2023-04-21T10:02:15","modified_gmt":"2023-04-21T09:02:15","slug":"bourse-detude","status":"publish","type":"page","link":"https:\/\/ch-securite-sociale-normandie.fr\/?page_id=144","title":{"rendered":"Bourse d&rsquo;\u00e9tude"},"content":{"rendered":"\n<p>Sur proposition de son Conseil d\u2019Administration le CHSSN a approuv\u00e9 le principe de la dotation d\u2019une bourse d\u2019\u00e9tude d\u2019un montant de 3000 \u20ac visant \u00e0 encourager les travaux de recherches sur un sujet int\u00e9ressant la protection sociale au sens large.<\/p>\n\n\n\n<p>Un jury d\u00e9sign\u00e9 par le Conseil d\u2019Administration du CHSSN statuera sur les diff\u00e9rentes candidatures et livrera ses conclusions au Comit\u00e9 avant l\u2019attribution de la bourse \u00e0 l\u2019\u00e9tudiant ou l&rsquo;\u00e9tudiante d\u00e9sign\u00e9e.<\/p>\n\n\n\n<p>*<em>Cette bourse sera accord\u00e9e apr\u00e8s examen d\u2019une lettre de candidature pr\u00e9sentant le projet de recherche sur 2 pages, transmise par le directeur de m\u00e9moire au plus tard le 30 novembre puis audition des candidats par le conseil d\u2019administration. Elle sera servie pour moiti\u00e9 au d\u00e9part des travaux et pour moiti\u00e9 apr\u00e8s remise du travail, avis de l\u2019enseignant et audition des candidats.<\/em><\/p>\n\n\n\n<div style=\"height:165px\" aria-hidden=\"true\" class=\"wp-block-spacer\"><\/div>\n\n\n\n<p><\/p>\n","protected":false},"excerpt":{"rendered":"<p>Sur proposition de son Conseil d\u2019Administration le CHSSN a approuv\u00e9 le principe de la dotation d\u2019une bourse d\u2019\u00e9tude d\u2019un montant de 3000 \u20ac visant \u00e0 encourager les travaux de recherches sur un sujet int\u00e9ressant la protection sociale au sens large. Un jury d\u00e9sign\u00e9 par le Conseil d\u2019Administration du CHSSN statuera sur les diff\u00e9rentes candidatures et [&hellip;]<\/p>\n","protected":false},"author":4,"featured_media":0,"parent":0,"menu_order":0,"comment_status":"closed","ping_status":"closed","template":"","meta":{"footnotes":""},"class_list":["post-144","page","type-page","status-publish","hentry"],"_links":{"self":[{"href":"https:\/\/ch-securite-sociale-normandie.fr\/index.php?rest_route=\/wp\/v2\/pages\/144","targetHints":{"allow":["GET"]}}],"collection":[{"href":"https:\/\/ch-securite-sociale-normandie.fr\/index.php?rest_route=\/wp\/v2\/pages"}],"about":[{"href":"https:\/\/ch-securite-sociale-normandie.fr\/index.php?rest_route=\/wp\/v2\/types\/page"}],"author":[{"embeddable":true,"href":"https:\/\/ch-securite-sociale-normandie.fr\/index.php?rest_route=\/wp\/v2\/users\/4"}],"replies":[{"embeddable":true,"href":"https:\/\/ch-securite-sociale-normandie.fr\/index.php?rest_route=%2Fwp%2Fv2%2Fcomments&post=144"}],"version-history":[{"count":21,"href":"https:\/\/ch-securite-sociale-normandie.fr\/index.php?rest_route=\/wp\/v2\/pages\/144\/revisions"}],"predecessor-version":[{"id":379,"href":"https:\/\/ch-securite-sociale-normandie.fr\/index.php?rest_route=\/wp\/v2\/pages\/144\/revisions\/379"}],"wp:attachment":[{"href":"https:\/\/ch-securite-sociale-normandie.fr\/index.php?rest_route=%2Fwp%2Fv2%2Fmedia&parent=144"}],"curies":[{"name":"wp","href":"https:\/\/api.w.org\/{rel}","templated":true}]}}