
{"id":146,"date":"2022-12-05T13:55:17","date_gmt":"2022-12-05T12:55:17","guid":{"rendered":"https:\/\/ch-securite-sociale-normandie.fr\/?page_id=146"},"modified":"2023-02-22T12:08:49","modified_gmt":"2023-02-22T11:08:49","slug":"nous-contacter","status":"publish","type":"page","link":"https:\/\/ch-securite-sociale-normandie.fr\/?page_id=146","title":{"rendered":"Nous contacter"},"content":{"rendered":"\n<pre class=\"wp-block-code\"><code>\ud83d\udce7 - <a rel=\"noreferrer noopener\" href=\"https:\/\/docs.google.com\/forms\/d\/e\/1FAIpQLSfNAPaCXv26-4fm9lLWDFKh3FF1Xaee4ce21w31jm4Avd9GQA\/viewform?usp=sf_link\" target=\"_blank\">Contactez nous en cliquant ici<\/a><\/code><\/pre>\n\n\n\n<h3 class=\"wp-block-heading\">L\u2019histoire de la S\u00e9curit\u00e9 sociale et de la protection sociale en Normandie vous int\u00e9resse ?<\/h3>\n\n\n\n<p>Vous pouvez adh\u00e9rer \u00e0 l\u2019association pour l\u2019\u00e9tude de l\u2019histoire de la S\u00e9curit\u00e9 sociale et de la protection sociale en Normandie en nous retournant le bulletin d\u2019adh\u00e9sion accompagn\u00e9 du r\u00e8glement.<\/p>\n\n\n\n<p><a href=\"https:\/\/ch-securite-sociale-normandie.fr\/wp-content\/uploads\/2022\/12\/bulletin_d_adhesion_2022.pdf\">\ud83d\udcc4 &#8211;&nbsp;T\u00e9l\u00e9charger le bulletin d&rsquo;adh\u00e9sion<\/a><\/p>\n","protected":false},"excerpt":{"rendered":"<p>L\u2019histoire de la S\u00e9curit\u00e9 sociale et de la protection sociale en Normandie vous int\u00e9resse ? Vous pouvez adh\u00e9rer \u00e0 l\u2019association pour l\u2019\u00e9tude de l\u2019histoire de la S\u00e9curit\u00e9 sociale et de la protection sociale en Normandie en nous retournant le bulletin d\u2019adh\u00e9sion accompagn\u00e9 du r\u00e8glement. \ud83d\udcc4 &#8211;&nbsp;T\u00e9l\u00e9charger le bulletin d&rsquo;adh\u00e9sion<\/p>\n","protected":false},"author":4,"featured_media":0,"parent":0,"menu_order":0,"comment_status":"closed","ping_status":"closed","template":"","meta":{"footnotes":""},"class_list":["post-146","page","type-page","status-publish","hentry"],"_links":{"self":[{"href":"https:\/\/ch-securite-sociale-normandie.fr\/index.php?rest_route=\/wp\/v2\/pages\/146","targetHints":{"allow":["GET"]}}],"collection":[{"href":"https:\/\/ch-securite-sociale-normandie.fr\/index.php?rest_route=\/wp\/v2\/pages"}],"about":[{"href":"https:\/\/ch-securite-sociale-normandie.fr\/index.php?rest_route=\/wp\/v2\/types\/page"}],"author":[{"embeddable":true,"href":"https:\/\/ch-securite-sociale-normandie.fr\/index.php?rest_route=\/wp\/v2\/users\/4"}],"replies":[{"embeddable":true,"href":"https:\/\/ch-securite-sociale-normandie.fr\/index.php?rest_route=%2Fwp%2Fv2%2Fcomments&post=146"}],"version-history":[{"count":29,"href":"https:\/\/ch-securite-sociale-normandie.fr\/index.php?rest_route=\/wp\/v2\/pages\/146\/revisions"}],"predecessor-version":[{"id":346,"href":"https:\/\/ch-securite-sociale-normandie.fr\/index.php?rest_route=\/wp\/v2\/pages\/146\/revisions\/346"}],"wp:attachment":[{"href":"https:\/\/ch-securite-sociale-normandie.fr\/index.php?rest_route=%2Fwp%2Fv2%2Fmedia&parent=146"}],"curies":[{"name":"wp","href":"https:\/\/api.w.org\/{rel}","templated":true}]}}