
{"id":2,"date":"2022-11-30T16:10:47","date_gmt":"2022-11-30T15:10:47","guid":{"rendered":"https:\/\/ch-securite-sociale-normandie.fr\/?page_id=2"},"modified":"2024-04-04T15:22:27","modified_gmt":"2024-04-04T14:22:27","slug":"apropos","status":"publish","type":"page","link":"https:\/\/ch-securite-sociale-normandie.fr\/?page_id=2","title":{"rendered":"\u00c0 propos"},"content":{"rendered":"\r\n<p>Le Comit\u00e9 d\u2019Histoire de la S\u00e9curit\u00e9 sociale Normandie a pour missions, en \u00e9troite relation avec <a href=\"https:\/\/www.securite-sociale.fr\/la-secu-cest-quoi\/histoire\/comite-dhistoire\" target=\"_blank\" rel=\"noreferrer noopener\">le Comit\u00e9 d\u2019Histoire National de la S\u00e9curit\u00e9 sociale<\/a> de :<\/p>\r\n\r\n\r\n\r\n<ul class=\"wp-block-list\">\r\n<li>Contribuer \u00e0 une meilleure connaissance de l\u2019histoire de l\u2019institution de la S\u00e9curit\u00e9 sociale et de ses sources dans le pass\u00e9, de pr\u00e9ciser son r\u00f4le majeur en mati\u00e8re sociale, \u00e9conomique, d\u00e9mographique, en suscitant notamment des travaux scientifiques de qualit\u00e9 et en aidant \u00e0 leur diffusion.<\/li>\r\n<\/ul>\r\n\r\n\r\n\r\n<ul class=\"wp-block-list\">\r\n<li>Promouvoir et r\u00e9aliser des travaux de recherche sur l\u2019histoire de la S\u00e9curit\u00e9 sociale et de la protection sociale.<\/li>\r\n<\/ul>\r\n\r\n\r\n\r\n<ul class=\"wp-block-list\">\r\n<li>Sauvegarder la m\u00e9moire \u00e9crite et orale des acteurs.<\/li>\r\n<\/ul>\r\n\r\n\r\n\r\n<ul class=\"wp-block-list\">\r\n<li>Relayer au plan r\u00e9gional l\u2019action du Comit\u00e9 National d\u2019Histoire de la S\u00e9curit\u00e9 sociale.<\/li>\r\n<\/ul>\r\n\r\n\r\n\r\n<p>Il existe en France <a href=\"file:\/\/\/S:\/00%20-%20LISA\/01%20-%20Comit%C3%A9%20d'Histoire\/site\/liens utiles.html\">16 comit\u00e9s r\u00e9gionaux<\/a>. Le Comit\u00e9 d\u2019Histoire de la S\u00e9curit\u00e9 sociale Normandie est une association \u00e0 but non lucratif (loi 1901), cr\u00e9\u00e9e le 17 novembre 2001.<\/p>\r\n\r\n\r\n\r\n<p>Le si\u00e8ge social du comit\u00e9 d\u2019histoire normand est situ\u00e9 dans les locaux de la Caisse Primaire d\u2019Assurance Maladie de l\u2019Eure, 1 bis place Saint-Taurin 27030 \u00c9vreux Cedex.<br \/>Lieu charg\u00e9 d\u2019histoire, les b\u00e2timents de la Caisse Primaire d\u2019Assurance Maladie de l\u2019Eure ont abrit\u00e9 successivement une abbaye, une teinturerie, une salp\u00eatri\u00e8re, une gendarmerie, un h\u00f4pital auxiliaire et une \u00e9cole pratique de commerce et d\u2019industrie.<br \/><br \/><a href=\"https:\/\/ch-securite-sociale-normandie.fr\/wp-content\/uploads\/2022\/12\/livret_historique_cloitre_saint_taurin_sophie_marini.pdf\" data-type=\"URL\" data-id=\"https:\/\/ch-securite-sociale-normandie.fr\/wp-content\/uploads\/2022\/12\/livret_historique_cloitre_saint_taurin_sophie_marini.pdf\">\ud83d\udcc4 &#8211; D\u00e9couvrez l\u2019histoire et l\u2019\u00e9volution du site de l\u2019ancienne abbaye de Saint-Taurin au fil des si\u00e8cles.<\/a><\/p>\r\n\r\n\r\n\r\n<h2 class=\"wp-block-heading\">Composition du bureau<\/h2>\r\n\r\n\r\n\r\n<h3 class=\"wp-block-heading\">Pr\u00e9sident :<\/h3>\r\n\r\n\r\n\r\n<p><strong>Yannick MAREC<\/strong> &#8211; Professeur \u00e9m\u00e9rite d\u2019histoire contemporaine &#8211; Universit\u00e9 de Rouen Normandie<\/p>\r\n\r\n\r\n\r\n<h3 class=\"wp-block-heading\">Secr\u00e9taire g\u00e9n\u00e9ral :<\/h3>\r\n\r\n\r\n\r\n<p><strong>St\u00e9phane HOL\u00c9<\/strong> &#8211; Directeur de la CPAM de l\u2019Eure<\/p>\r\n\r\n\r\n\r\n<h3 class=\"wp-block-heading\">Secr\u00e9taire adjointe :<\/h3>\r\n\r\n\r\n\r\n<p><strong>Elvire DEMIRCAN<\/strong> &#8211; Attach\u00e9e de Direction \/ Responsable du p\u00f4le Direction\/Communication et Relations partenariales de la CPAM de l\u2019Eure<\/p>\r\n\r\n\r\n\r\n<h3 class=\"wp-block-heading\">Tr\u00e9sori\u00e8re :<\/h3>\r\n\r\n\r\n\r\n<p><strong>Corinne OYARZABAL<\/strong> &#8211; Directrice Financi\u00e8re \/ Agent comptable de la CPAM de l\u2019Eure<\/p>\r\n\r\n\r\n<hr class=\"wp-block-separator\" \/>\r\n\r\n\r\n<h2 class=\"wp-block-heading\">Organismes adh\u00e9rents au CHSSN en 2022 :<\/h2>\r\n\r\n\r\n\r\n<figure class=\"wp-block-table\">\r\n<table>\r\n<tbody>\r\n<tr>\r\n<td>CAF DIEPPE<\/td>\r\n<td>CARSAT NORMANDIE<\/td>\r\n<\/tr>\r\n<tr>\r\n<td>CAF EURE<\/td>\r\n<td>RSI HAUTE-NORMANDIE<\/td>\r\n<\/tr>\r\n<tr>\r\n<td>CAF ROUEN<\/td>\r\n<td>SMR NORMANDIE<\/td>\r\n<\/tr>\r\n<tr>\r\n<td>CNFP<\/td>\r\n<td>UNICA CAEN<\/td>\r\n<\/tr>\r\n<tr>\r\n<td>CPAM CALVADOS<\/td>\r\n<td>URSSAF CALVADOS<\/td>\r\n<\/tr>\r\n<tr>\r\n<td>CPAM EURE<\/td>\r\n<td>URSSAF EURE<\/td>\r\n<\/tr>\r\n<tr>\r\n<td>CPAM LE HAVRE<\/td>\r\n<td>URSSAF MANCHE<\/td>\r\n<\/tr>\r\n<tr>\r\n<td>CPAM ROUEN-ELBEUF-DIEPPE<\/td>\r\n<td>URSSAF SEINE-MARITIME<\/td>\r\n<\/tr>\r\n<\/tbody>\r\n<\/table>\r\n<\/figure>\r\n\r\n\r\n<hr class=\"wp-block-separator\" \/>\r\n\r\n\r\n<h3 class=\"wp-block-heading\">D\u00e9couvrez le parcours de Monsieur Yannick MAREC, pr\u00e9sident du CHSSN<\/h3>\r\n\r\n\r\n\r\n<div id=\"photo_yannick\" class=\"wp-block-image\">\r\n<figure class=\"alignright size-large\"><img loading=\"lazy\" decoding=\"async\" width=\"187\" height=\"212\" class=\"wp-image-40\" src=\"https:\/\/ch-securite-sociale-normandie.fr\/wp-content\/uploads\/2022\/12\/yannick.png\" alt=\"\" \/>\r\n<figcaption>Yannick MAREC<\/figcaption>\r\n<\/figure>\r\n<\/div>\r\n\r\n\r\n\r\n<p>Yannick MAREC, a \u00e9t\u00e9 nomm\u00e9 par d\u00e9cret du 20 juin 2022 chevalier de l&rsquo;ordre national du M\u00e9rite, au titre de la Premi\u00e8re ministre, sur instruction du dossier par Jean CASTEX.<br \/><br \/>Professeur \u00e9m\u00e9rite d&rsquo;histoire contemporaine, Yannick MAREC compte quarante-huit ann\u00e9es de services. Son parcours professionnel est un v\u00e9ritable mod\u00e8le de r\u00e9ussite : CAPES, ma\u00eetrise d&rsquo;histoire, DEA avec mention tr\u00e8s bien, doctorat de 3\u00e8me cycle, doctorat d&rsquo;\u00c9tat avec mention tr\u00e8s honorable d\u00e9cern\u00e9e \u00e0 l&rsquo;unanimit\u00e9, avec les f\u00e9licitations du jury.<br \/><br \/>De nombreuses distinctions scientifiques ont r\u00e9compens\u00e9 ses travaux de recherche : depuis le prix Henri-Vermont d\u00e9cern\u00e9 par l&rsquo;Acad\u00e9mie des Sciences, Belles-Lettres et Arts de Rouen en 1981, jusqu&rsquo;au dipl\u00f4me d&rsquo;honneur et prix sp\u00e9cial attribu\u00e9 par la Soci\u00e9t\u00e9 centrale d&rsquo;agriculture de la Seine-Maritime en 2017, en passant par la m\u00e9daille d&rsquo;or de la Soci\u00e9t\u00e9 Fran\u00e7aise d&rsquo;Histoire des H\u00f4pitaux en 2012.<br \/><br \/>Ses livres individuels ou \u00e9crits en collaboration, les ouvrages collectifs dont il a assur\u00e9 la direction ou la responsabilit\u00e9 scientifique, les travaux \u00e9ditoriaux, les contributions, les actes de colloques, les articles, les notes critiques et comptes rendus de diverses natures illustrent ses nombreuses publications. Sans oublier les directions de th\u00e8ses, de m\u00e9moires de Master et de DEA, de m\u00e9moires de ma\u00eetrise d&rsquo;histoire.<\/p>\r\n\r\n\r\n<hr class=\"wp-block-separator\" \/>\r\n\r\n\r\n<h3 class=\"wp-block-heading\" id=\"adherer\">L\u2019histoire de la S\u00e9curit\u00e9 sociale et de la protection sociale en Normandie vous int\u00e9resse ?<\/h3>\r\n\r\n\r\n\r\n<p>Vous pouvez adh\u00e9rer \u00e0 l\u2019association pour l\u2019\u00e9tude de l\u2019histoire de la S\u00e9curit\u00e9 sociale et de la protection sociale en Normandie en nous retournant le bulletin d\u2019adh\u00e9sion accompagn\u00e9 du r\u00e8glement.<br \/><br \/><a href=\"https:\/\/ch-securite-sociale-normandie.fr\/wp-content\/uploads\/2022\/12\/bulletin_d_adhesion_2022.pdf\" data-type=\"URL\" data-id=\"https:\/\/ch-securite-sociale-normandie.fr\/wp-content\/uploads\/2022\/12\/bulletin_d_adhesion_2022.pdf\">\ud83d\udcc4 &#8211; T\u00e9l\u00e9charger le bulletin d&rsquo;adh\u00e9sion.<\/a><\/p>\r\n","protected":false},"excerpt":{"rendered":"<p>Le Comit\u00e9 d\u2019Histoire de la S\u00e9curit\u00e9 sociale Normandie a pour missions, en \u00e9troite relation avec le Comit\u00e9 d\u2019Histoire National de la S\u00e9curit\u00e9 sociale de : Contribuer \u00e0 une meilleure connaissance de l\u2019histoire de l\u2019institution de la S\u00e9curit\u00e9 sociale et de ses sources dans le pass\u00e9, de pr\u00e9ciser son r\u00f4le majeur en mati\u00e8re sociale, \u00e9conomique, d\u00e9mographique, [&hellip;]<\/p>\n","protected":false},"author":4,"featured_media":0,"parent":0,"menu_order":0,"comment_status":"closed","ping_status":"closed","template":"","meta":{"footnotes":""},"class_list":["post-2","page","type-page","status-publish","hentry"],"_links":{"self":[{"href":"https:\/\/ch-securite-sociale-normandie.fr\/index.php?rest_route=\/wp\/v2\/pages\/2","targetHints":{"allow":["GET"]}}],"collection":[{"href":"https:\/\/ch-securite-sociale-normandie.fr\/index.php?rest_route=\/wp\/v2\/pages"}],"about":[{"href":"https:\/\/ch-securite-sociale-normandie.fr\/index.php?rest_route=\/wp\/v2\/types\/page"}],"author":[{"embeddable":true,"href":"https:\/\/ch-securite-sociale-normandie.fr\/index.php?rest_route=\/wp\/v2\/users\/4"}],"replies":[{"embeddable":true,"href":"https:\/\/ch-securite-sociale-normandie.fr\/index.php?rest_route=%2Fwp%2Fv2%2Fcomments&post=2"}],"version-history":[{"count":29,"href":"https:\/\/ch-securite-sociale-normandie.fr\/index.php?rest_route=\/wp\/v2\/pages\/2\/revisions"}],"predecessor-version":[{"id":429,"href":"https:\/\/ch-securite-sociale-normandie.fr\/index.php?rest_route=\/wp\/v2\/pages\/2\/revisions\/429"}],"wp:attachment":[{"href":"https:\/\/ch-securite-sociale-normandie.fr\/index.php?rest_route=%2Fwp%2Fv2%2Fmedia&parent=2"}],"curies":[{"name":"wp","href":"https:\/\/api.w.org\/{rel}","templated":true}]}}