
{"id":364,"date":"2023-03-22T14:47:05","date_gmt":"2023-03-22T13:47:05","guid":{"rendered":"https:\/\/ch-securite-sociale-normandie.fr\/?page_id=364"},"modified":"2023-03-22T14:47:05","modified_gmt":"2023-03-22T13:47:05","slug":"mentions-legales","status":"publish","type":"page","link":"https:\/\/ch-securite-sociale-normandie.fr\/?page_id=364","title":{"rendered":"Mentions l\u00e9gales"},"content":{"rendered":"\n<h3 class=\"wp-block-heading\">Responsable de la publication<\/h3>\n\n\n\n<p>Yannick Marec, Pr\u00e9sident du Comit\u00e9 d\u2019histoire de la S\u00e9curit\u00e9 sociale Normandie.<\/p>\n\n\n\n<h3 class=\"wp-block-heading\">Acc\u00e8s au site <a href=\"https:\/\/ch-securite-sociale-normandie.fr\/\">CHSS-Normandie<\/a><\/h3>\n\n\n\n<p>L\u2019utilisateur du site internet <a href=\"https:\/\/ch-securite-sociale-normandie.fr\/\">CHSS-Normandie<\/a><a href=\"https:\/\/ch-securite-sociale-normandie.fr\/\"><\/a> reconna\u00eet disposer de la comp\u00e9tence et des moyens n\u00e9cessaires pour acc\u00e9der et utiliser ce site internet. Les utilisateurs de ce site web sont tenus de respecter les dispositions de la loi relative \u00e0 l\u2019informatique, aux fichiers et aux libert\u00e9s, dont la violation est passible de sanctions p\u00e9nales. Ils doivent notamment s\u2019abstenir, s\u2019agissant d\u2019informations nominatives auxquelles ils acc\u00e8dent, de toute collecte, de toute utilisation d\u00e9tourn\u00e9e et d\u2019une mani\u00e8re g\u00e9n\u00e9rale, de tout acte susceptible de porter atteinte \u00e0 la vie priv\u00e9e ou \u00e0 la r\u00e9putation des personnes.<\/p>\n\n\n\n<h3 class=\"wp-block-heading\">Contenu du site<\/h3>\n\n\n\n<p><strong>Le Comit\u00e9 r\u00e9gional d\u2019histoire de la S\u00e9curit\u00e9 sociale Normandie<\/strong><\/p>\n\n\n\n<p>met \u00e0 disposition des utilisateurs du site web <a rel=\"noreferrer noopener\" href=\"https:\/\/ch-securite-sociale-normandie.fr\/\" target=\"_blank\">CHSS-Normandie<\/a> des informations et outils disponibles et v\u00e9rifi\u00e9s, mais elle ne saurait \u00eatre tenue pour responsable des erreurs ou de l\u2019indisponibilit\u00e9 de certaines informations. Nous remercions les utilisateurs du site de nous faire part d\u2019\u00e9ventuelles omissions, erreurs ou corrections, en adressant un mail au webmaster du site \u00e0 l\u2019adresse : <a href=\"mailto:secretariatcrhss@carsat-am.fr\">service.com.doc-CPAM271<\/a>.<\/p>\n\n\n\n<h3 class=\"wp-block-heading\">Propri\u00e9t\u00e9<\/h3>\n\n\n\n<p>La structure g\u00e9n\u00e9rale, ainsi que les logiciels, textes, images anim\u00e9es ou fixes, sons, savoir-faire, dessins, graphismes et tous autres \u00e9l\u00e9ments composant ce site web <a rel=\"noreferrer noopener\" href=\"https:\/\/ch-securite-sociale-normandie.fr\/\" target=\"_blank\">CHSS-Normandie<\/a> sont de l\u2019utilisation exclusive du Comit\u00e9 d\u2019histoire de la s\u00e9curit\u00e9 sociale Normandie. Toute repr\u00e9sentation totale ou partielle de ce site, par quelques proc\u00e9d\u00e9s que ce soient, sans autorisation expresse du Comit\u00e9, est interdite et constituerait une contrefa\u00e7on sanctionn\u00e9e par les articles L335-2 et suivants du Code de la propri\u00e9t\u00e9 intellectuelle. Les liens hypertextes mis en place dans le cadre du pr\u00e9sent site web en direction d\u2019autres ressources pr\u00e9sentes sur le r\u00e9seau internet, ne sauraient engager la responsabilit\u00e9 du Comit\u00e9 d\u2019histoire de la s\u00e9curit\u00e9 sociale Normandie.<\/p>\n\n\n\n<h3 class=\"wp-block-heading\">Donn\u00e9es personnelles<\/h3>\n\n\n\n<p>En conformit\u00e9 avec les dispositions de la loi du 6 janvier 1978 relative \u00e0 l\u2019informatique, aux fichiers et aux libert\u00e9s, le traitement automatis\u00e9 des donn\u00e9es nominatives r\u00e9alis\u00e9 \u00e0 partir du portail Internet a fait l\u2019objet d\u2019une d\u00e9claration aupr\u00e8s de la Commission Nationale de l\u2019Informatique et des Libert\u00e9s (CNIL \u2013 <a href=\"http:\/\/www.cnil.fr\">www.cnil.fr<\/a>). L\u2019utilisateur est notamment inform\u00e9, conform\u00e9ment \u00e0 l\u2019article 27 de la loi de 1978 susvis\u00e9e\u00a0: que les renseignements donn\u00e9s \u00e0 partir des formulaires pr\u00e9sents sur le site web pourront \u00eatre transmis et exploit\u00e9s par Comit\u00e9 d\u2019histoire de la s\u00e9curit\u00e9 sociale Normandie, qu\u2019il dispose en outre d\u2019un droit d\u2019acc\u00e8s et de rectification portant sur ses donn\u00e9es.<\/p>\n\n\n\n<p>Que les questions pr\u00e9c\u00e9d\u00e9es d\u2019un (*) ont un caract\u00e8re obligatoire. Ce droit d\u2019acc\u00e8s et de rectification peut \u00eatre exerc\u00e9 par courrier \u00e9lectronique \u00e0 l\u2019adresse suivante <a href=\"mailto:secretariatcrhss@carsat-am.fr\"><\/a><a href=\"mailto:secretariatcrhss@carsat-am.fr\">service.com.doc-CPAM271<\/a>. <br>Les adresses IP sont destin\u00e9es \u00e0 un usage purement technique et aux statistiques de consultation.<\/p>\n\n\n\n<h3 class=\"wp-block-heading\">Loi applicable<\/h3>\n\n\n\n<p>L\u2019usage de ce site web est r\u00e9gi par la loi fran\u00e7aise \u00e0 l\u2019exception de toute autre l\u00e9gislation.<\/p>\n","protected":false},"excerpt":{"rendered":"<p>Responsable de la publication Yannick Marec, Pr\u00e9sident du Comit\u00e9 d\u2019histoire de la S\u00e9curit\u00e9 sociale Normandie. Acc\u00e8s au site CHSS-Normandie L\u2019utilisateur du site internet CHSS-Normandie reconna\u00eet disposer de la comp\u00e9tence et des moyens n\u00e9cessaires pour acc\u00e9der et utiliser ce site internet. Les utilisateurs de ce site web sont tenus de respecter les dispositions de la loi [&hellip;]<\/p>\n","protected":false},"author":4,"featured_media":0,"parent":0,"menu_order":0,"comment_status":"closed","ping_status":"closed","template":"","meta":{"footnotes":""},"class_list":["post-364","page","type-page","status-publish","hentry"],"_links":{"self":[{"href":"https:\/\/ch-securite-sociale-normandie.fr\/index.php?rest_route=\/wp\/v2\/pages\/364","targetHints":{"allow":["GET"]}}],"collection":[{"href":"https:\/\/ch-securite-sociale-normandie.fr\/index.php?rest_route=\/wp\/v2\/pages"}],"about":[{"href":"https:\/\/ch-securite-sociale-normandie.fr\/index.php?rest_route=\/wp\/v2\/types\/page"}],"author":[{"embeddable":true,"href":"https:\/\/ch-securite-sociale-normandie.fr\/index.php?rest_route=\/wp\/v2\/users\/4"}],"replies":[{"embeddable":true,"href":"https:\/\/ch-securite-sociale-normandie.fr\/index.php?rest_route=%2Fwp%2Fv2%2Fcomments&post=364"}],"version-history":[{"count":1,"href":"https:\/\/ch-securite-sociale-normandie.fr\/index.php?rest_route=\/wp\/v2\/pages\/364\/revisions"}],"predecessor-version":[{"id":365,"href":"https:\/\/ch-securite-sociale-normandie.fr\/index.php?rest_route=\/wp\/v2\/pages\/364\/revisions\/365"}],"wp:attachment":[{"href":"https:\/\/ch-securite-sociale-normandie.fr\/index.php?rest_route=%2Fwp%2Fv2%2Fmedia&parent=364"}],"curies":[{"name":"wp","href":"https:\/\/api.w.org\/{rel}","templated":true}]}}